{"id":279,"date":"2023-08-18T09:33:39","date_gmt":"2023-08-18T09:33:39","guid":{"rendered":"https:\/\/asadoradetoto.es\/?page_id=279"},"modified":"2025-02-12T16:30:48","modified_gmt":"2025-02-12T16:30:48","slug":"politica-de-privacidad","status":"publish","type":"page","link":"https:\/\/asadoradetoto.es\/gl\/politica-de-privacidad\/","title":{"rendered":"Pol\u00edtica de Privacidad"},"content":{"rendered":"<div data-elementor-type=\"wp-page\" data-elementor-id=\"279\" class=\"elementor elementor-279\">\n\t\t\t\t\t\t\t\t\t<section class=\"elementor-section elementor-top-section elementor-element elementor-element-115da97 elementor-section-boxed elementor-section-height-default elementor-section-height-default\" data-id=\"115da97\" data-element_type=\"section\">\n\t\t\t\t\t\t<div class=\"elementor-container elementor-column-gap-default\">\n\t\t\t\t\t<div class=\"elementor-column elementor-col-100 elementor-top-column elementor-element elementor-element-7ef70da\" data-id=\"7ef70da\" data-element_type=\"column\">\n\t\t\t<div class=\"elementor-widget-wrap elementor-element-populated\">\n\t\t\t\t\t\t\t\t<div class=\"elementor-element elementor-element-1521f56 elementor-widget elementor-widget-heading\" data-id=\"1521f56\" data-element_type=\"widget\" data-widget_type=\"heading.default\">\n\t\t\t\t<div class=\"elementor-widget-container\">\n\t\t\t<style>\/*! elementor - v3.15.0 - 20-08-2023 *\/\n.elementor-heading-title{padding:0;margin:0;line-height:1}.elementor-widget-heading .elementor-heading-title[class*=elementor-size-]>a{color:inherit;font-size:inherit;line-height:inherit}.elementor-widget-heading .elementor-heading-title.elementor-size-small{font-size:15px}.elementor-widget-heading .elementor-heading-title.elementor-size-medium{font-size:19px}.elementor-widget-heading .elementor-heading-title.elementor-size-large{font-size:29px}.elementor-widget-heading .elementor-heading-title.elementor-size-xl{font-size:39px}.elementor-widget-heading .elementor-heading-title.elementor-size-xxl{font-size:59px}<\/style><h2 class=\"elementor-heading-title elementor-size-default\">Pol\u00edtica de Privacidad<\/h2>\t\t<\/div>\n\t\t\t\t<\/div>\n\t\t\t\t<div class=\"elementor-element elementor-element-9d48c3c elementor-widget elementor-widget-text-editor\" data-id=\"9d48c3c\" data-element_type=\"widget\" data-widget_type=\"text-editor.default\">\n\t\t\t\t<div class=\"elementor-widget-container\">\n\t\t\t<style>\/*! elementor - v3.15.0 - 20-08-2023 *\/\n.elementor-widget-text-editor.elementor-drop-cap-view-stacked .elementor-drop-cap{background-color:#69727d;color:#fff}.elementor-widget-text-editor.elementor-drop-cap-view-framed .elementor-drop-cap{color:#69727d;border:3px solid;background-color:transparent}.elementor-widget-text-editor:not(.elementor-drop-cap-view-default) .elementor-drop-cap{margin-top:8px}.elementor-widget-text-editor:not(.elementor-drop-cap-view-default) .elementor-drop-cap-letter{width:1em;height:1em}.elementor-widget-text-editor .elementor-drop-cap{float:left;text-align:center;line-height:1;font-size:50px}.elementor-widget-text-editor .elementor-drop-cap-letter{display:inline-block}<\/style>\t\t\t\t<h4 id=\"1300214597\" class=\"dmNewParagraph\" data-element-type=\"paragraph\"><strong>Aviso Legal<\/strong><\/h4><div id=\"1635137598\" class=\"dmNewParagraph\" data-element-type=\"paragraph\"><div><b>Denominaci\u00f3n social:<\/b> Jos\u00e9 Antonio Caama\u00f1o Anido<\/div><div><b>C.I.F.: <\/b>78786827M<\/div><div><b>Domicilio social:<\/b> <span class=\"s1\">Reino 20, Trasmonte, 15864 &#8211; Ames.\u00a0 A Coru\u00f1a<\/span><\/div><div><b>Tel\u00e9fono:<\/b> <span aria-label=\"Llamar al n\u00famero de tel\u00e9fono 981 81 82 34\">649 91 00 91<\/span><\/div><div><b>Correo electr\u00f3nico a efectos de comunicaci\u00f3n<\/b>: <a href=\"mailto:info@asadoradetoto.es\">info@asadoradetoto.es<\/a><\/div><div>\u00a0<\/div><\/div><div class=\"textboxes\"><div class=\"col_b\"><div class=\"textbox\"><div id=\"contenedor\" class=\"textarea unknown\">Se le informa que los datos personales que nos facilite voluntariamente, ser\u00e1n tratados por Jose Antonio Caama\u00f1o Anido con domicilio en Reino 20,<br \/>Transmonte 15864 Ames, A Coru\u00f1a (Espa\u00f1a), que cumple con las medidas de seguridad exigidas en la legislaci\u00f3n vigente en materia de Protecci\u00f3n de Datos de Car\u00e1cter Personal. La finalidad del dicho tratamiento es la descrita en cada uno de los formularios establecidos en la p\u00e1gina web en el que Usted nos facilit\u00f3 sus datos.\u00a0 Los datos facilitados no ser\u00e1n cedidos a terceros salvo en los casos en que exista una obligaci\u00f3n legal, y se conservar\u00e1n durante el tiempo necesario para atender su solicitud, siempre y cuando no nos indique el contrario ejerciendo su derecho de supresi\u00f3n, o durante el tiempo necesario para cumplir con las obligaciones legales y atender las posibles responsabilidades que pudieran derivar del cumplimiento de la finalidad para la que los datos fueron solicitados. Asador aA de Tot\u00f3 no elaborar\u00e1 ning\u00fan tipo de \u201cperfil\u201d, en base a la informaci\u00f3n facilitada. No se tomar\u00e1n decisiones automatizadas en base a perfiles. Asimismo, Asador A de Tot\u00f3 cancelar\u00e1 o rectificar\u00e1 los datos cuando resulten inexactos, incompletos o dejaran de ser necesarios para su finalidad, de conformidad con el previsto en la legislaci\u00f3n vigente en materia de Protecci\u00f3n de Datos de Car\u00e1cter Personal. Mientras no nos comunique el contrario, entenderemos que sus datos no fueron modificados, que usted se compromete a notificarnos cualquier variaci\u00f3n y que tenemos el consentimiento para utilizarlos el fin de poder fidelizar la relaci\u00f3n entre las partes. El usuario podr\u00e1 ejercer los derechos de acceso, rectificaci\u00f3n, supresi\u00f3n, oposici\u00f3n, limitaci\u00f3n del tratamiento, portabilidade de datos y la no ser objeto de decisiones individualizadas automatizadas, en relaci\u00f3n con los datos objeto del tratamiento, ante lo responsable del tratamiento en la direcci\u00f3n anteriormente mencionada, o por correo electr\u00f3nico a <a href=\"mailto:info@asadoradetoto.es\">info@asadoradetoto.es<\/a>, acercando copia de su DNI o documento equivalente, o directamente ante lo delegado de protecci\u00f3n de datos. En caso de que no obtuviera satisfacci\u00f3n en el ejercicio de sus derechos, podr\u00e1 presentar una reclamaci\u00f3n ante la Autoridad de Control en materia Protecci\u00f3n de Datos competente, siendo esta la Agencia Espa\u00f1ola de Protecci\u00f3n de Datos, y cuyos datos de contacto est\u00e1n accesibles en <a href=\"https:\/\/sedeagpd.gob.es\/sed-electronica-web\/vistas\/formNuevaReclamacion\/reclamacion.jsf.\">https:\/\/sedeagpd.gob.es\/sed-electronica-web\/vistas\/formNuevaReclamacion\/reclamacion.jsf.<\/a><\/div><div>\u00a0<\/div><div class=\"textarea unknown\">Asador A de Tot\u00f3 adopta las medidas t\u00e9cnicas, controles y procedimientos de car\u00e1cter f\u00edsico, organizativo y tecnol\u00f3gico, razonablemente fiables y efectivos, orientados a preservar la integridad y la seguridad de sus datos y garantizar su privacidad. Con todo, no asume ninguna responsabilidad por los da\u00f1os y perjuicios derivados de alteraciones que terceros puedan causar en los sistemas inform\u00e1ticos, documentos electr\u00f3nicos o ficheros del usuario. Adem\u00e1s, todo el personal con acceso a los datos personales fue formado y tiene conocimiento de sus obligaciones con relaci\u00f3n a los tratamientos de sus datos personales. En el caso de los contratos que suscribimos con nuestros proveedores incluimos cl\u00e1usulas en las que se les exige mantener el deber de secreto respecto a los datos de car\u00e1cter personal a los que tuvieran acceso en virtud del encargo realizado, as\u00ed como implantar las medidas de seguridad t\u00e9cnicas y organizativas necesarias para garantizar la confidencialidad, integridad, disponibilidad y resiliencia permanentes de los sistemas y servicios de tratamiento de los datos personales. Todas estas medidas de seguridad son revisadas de forma peri\u00f3dica para garantizar su adecuaci\u00f3n y efectividad. Con todo, la seguridad absoluta no se puede garantizar y no existe ning\u00fan sistema de seguridad que sea impenetrable por lo que, en el caso de cualquier informaci\u00f3n objeto de tratamiento y bajo nuestro control se vise comprometida a consecuencia de una brecha de seguridad, tomaremos las medidas adecuadas para investigar el incidente, notificarlo a la Autoridad de Control y, en su caso, la aquellos usuarios que se pudieron ver afectados para que tomen las medidas adecuadas. De acuerdo con el que establece la Ley 34\/2002, de Servicios de la Sociedad de la Informaci\u00f3n y el Comercio Electr\u00f3nico en su art\u00edculo 21, solicitaremos su consentimiento para poder realizar comunicaciones publicitarias que consideremos puedan ser de su inter\u00e9s, por correo electr\u00f3nico o por cualquier otro medio de comunicaci\u00f3n electr\u00f3nica equivalente. En el caso de autorizar el env\u00edo de informaci\u00f3n \/ publicidad y no desee seguir recibiendo m\u00e1s informaci\u00f3n al respecto, usted tiene derecho a oponerse y\/o retirar dicho consentimiento, en cualquier momento, mediante notificaci\u00f3n por escrito o mediante correo electr\u00f3nico en la\/ s direcci\u00f3n\/es anteriormente indicada\/s.<\/div><\/div><\/div><\/div>\t\t\t\t\t\t<\/div>\n\t\t\t\t<\/div>\n\t\t\t\t\t<\/div>\n\t\t<\/div>\n\t\t\t\t\t\t\t<\/div>\n\t\t<\/section>\n\t\t\t\t\t\t\t<\/div>","protected":false},"excerpt":{"rendered":"<p>Pol\u00edtica de Privacidad Aviso Legal Denominaci\u00f3n social: Jos\u00e9 Antonio Caama\u00f1o AnidoC.I.F.: 78786827MDomicilio social: Reino 20, Trasmonte, 15864 &#8211; Ames.\u00a0 A Coru\u00f1aTel\u00e9fono: 649 91 00 91Correo electr\u00f3nico a efectos de comunicaci\u00f3n: info@asadoradetoto.es\u00a0Se le informa que los datos personales que nos facilite voluntariamente, ser\u00e1n tratados por Jose Antonio Caama\u00f1o Anido con domicilio en Reino 20,Transmonte 15864 Ames, [&hellip;]<\/p>","protected":false},"author":1,"featured_media":0,"parent":0,"menu_order":0,"comment_status":"closed","ping_status":"closed","template":"","meta":{"_ti_tpc_template_sync":false,"_ti_tpc_template_id":"","footnotes":""},"yoast_head":"<!-- This site is optimized with the Yoast SEO plugin v21.0 - https:\/\/yoast.com\/wordpress\/plugins\/seo\/ -->\n<title>Pol\u00edtica de Privacidad - A de Tot\u00f3<\/title>\n<meta name=\"robots\" content=\"index, follow, max-snippet:-1, max-image-preview:large, max-video-preview:-1\" \/>\n<link rel=\"canonical\" href=\"https:\/\/asadoradetoto.es\/gl\/politica-de-privacidad\/\" \/>\n<meta property=\"og:locale\" content=\"gl_ES\" \/>\n<meta property=\"og:type\" content=\"article\" \/>\n<meta property=\"og:title\" content=\"Pol\u00edtica de Privacidad - A de Tot\u00f3\" \/>\n<meta property=\"og:description\" content=\"Pol\u00edtica de Privacidad Aviso Legal Denominaci\u00f3n social: Jos\u00e9 Antonio Caama\u00f1o AnidoC.I.F.: 78786827MDomicilio social: Reino 20, Trasmonte, 15864 &#8211; Ames.\u00a0 A Coru\u00f1aTel\u00e9fono: 649 91 00 91Correo electr\u00f3nico a efectos de comunicaci\u00f3n: info@asadoradetoto.es\u00a0Se le informa que los datos personales que nos facilite voluntariamente, ser\u00e1n tratados por Jose Antonio Caama\u00f1o Anido con domicilio en Reino 20,Transmonte 15864 Ames, [&hellip;]\" \/>\n<meta property=\"og:url\" content=\"https:\/\/asadoradetoto.es\/gl\/politica-de-privacidad\/\" \/>\n<meta property=\"og:site_name\" content=\"A de Tot\u00f3\" \/>\n<meta property=\"article:publisher\" content=\"https:\/\/www.facebook.com\/Asador.A.de.Toto\" \/>\n<meta property=\"article:modified_time\" content=\"2025-02-12T16:30:48+00:00\" \/>\n<meta name=\"twitter:card\" content=\"summary_large_image\" \/>\n<meta name=\"twitter:label1\" content=\"Tempo de lectura\" \/>\n\t<meta name=\"twitter:data1\" content=\"4 minutos\" \/>\n<script type=\"application\/ld+json\" class=\"yoast-schema-graph\">{\"@context\":\"https:\/\/schema.org\",\"@graph\":[{\"@type\":\"WebPage\",\"@id\":\"https:\/\/asadoradetoto.es\/politica-de-privacidad\/\",\"url\":\"https:\/\/asadoradetoto.es\/politica-de-privacidad\/\",\"name\":\"Pol\u00edtica de Privacidad - A de Tot\u00f3\",\"isPartOf\":{\"@id\":\"https:\/\/asadoradetoto.es\/#website\"},\"datePublished\":\"2023-08-18T09:33:39+00:00\",\"dateModified\":\"2025-02-12T16:30:48+00:00\",\"breadcrumb\":{\"@id\":\"https:\/\/asadoradetoto.es\/politica-de-privacidad\/#breadcrumb\"},\"inLanguage\":\"gl-ES\",\"potentialAction\":[{\"@type\":\"ReadAction\",\"target\":[\"https:\/\/asadoradetoto.es\/politica-de-privacidad\/\"]}]},{\"@type\":\"BreadcrumbList\",\"@id\":\"https:\/\/asadoradetoto.es\/politica-de-privacidad\/#breadcrumb\",\"itemListElement\":[{\"@type\":\"ListItem\",\"position\":1,\"name\":\"Portada\",\"item\":\"https:\/\/asadoradetoto.es\/\"},{\"@type\":\"ListItem\",\"position\":2,\"name\":\"Pol\u00edtica de Privacidad\"}]},{\"@type\":\"WebSite\",\"@id\":\"https:\/\/asadoradetoto.es\/#website\",\"url\":\"https:\/\/asadoradetoto.es\/\",\"name\":\"A de Tot\u00f3\",\"description\":\"Cocina de carnes a la brasa\",\"publisher\":{\"@id\":\"https:\/\/asadoradetoto.es\/#organization\"},\"potentialAction\":[{\"@type\":\"SearchAction\",\"target\":{\"@type\":\"EntryPoint\",\"urlTemplate\":\"https:\/\/asadoradetoto.es\/?s={search_term_string}\"},\"query-input\":\"required name=search_term_string\"}],\"inLanguage\":\"gl-ES\"},{\"@type\":\"Organization\",\"@id\":\"https:\/\/asadoradetoto.es\/#organization\",\"name\":\"A de Tot\u00f3\",\"url\":\"https:\/\/asadoradetoto.es\/\",\"logo\":{\"@type\":\"ImageObject\",\"inLanguage\":\"gl-ES\",\"@id\":\"https:\/\/asadoradetoto.es\/#\/schema\/logo\/image\/\",\"url\":\"http:\/\/asadoradetoto.es\/wp-content\/uploads\/2023\/08\/logo-barqueiro.png\",\"contentUrl\":\"http:\/\/asadoradetoto.es\/wp-content\/uploads\/2023\/08\/logo-barqueiro.png\",\"width\":3508,\"height\":2481,\"caption\":\"A de Tot\u00f3\"},\"image\":{\"@id\":\"https:\/\/asadoradetoto.es\/#\/schema\/logo\/image\/\"},\"sameAs\":[\"https:\/\/www.facebook.com\/Asador.A.de.Toto\",\"https:\/\/www.instagram.com\/a_detoto\"]}]}<\/script>\n<!-- \/ Yoast SEO plugin. -->","yoast_head_json":{"title":"Pol\u00edtica de Privacidad - A de Tot\u00f3","robots":{"index":"index","follow":"follow","max-snippet":"max-snippet:-1","max-image-preview":"max-image-preview:large","max-video-preview":"max-video-preview:-1"},"canonical":"https:\/\/asadoradetoto.es\/gl\/politica-de-privacidad\/","og_locale":"gl_ES","og_type":"article","og_title":"Pol\u00edtica de Privacidad - A de Tot\u00f3","og_description":"Pol\u00edtica de Privacidad Aviso Legal Denominaci\u00f3n social: Jos\u00e9 Antonio Caama\u00f1o AnidoC.I.F.: 78786827MDomicilio social: Reino 20, Trasmonte, 15864 &#8211; Ames.\u00a0 A Coru\u00f1aTel\u00e9fono: 649 91 00 91Correo electr\u00f3nico a efectos de comunicaci\u00f3n: info@asadoradetoto.es\u00a0Se le informa que los datos personales que nos facilite voluntariamente, ser\u00e1n tratados por Jose Antonio Caama\u00f1o Anido con domicilio en Reino 20,Transmonte 15864 Ames, [&hellip;]","og_url":"https:\/\/asadoradetoto.es\/gl\/politica-de-privacidad\/","og_site_name":"A de Tot\u00f3","article_publisher":"https:\/\/www.facebook.com\/Asador.A.de.Toto","article_modified_time":"2025-02-12T16:30:48+00:00","twitter_card":"summary_large_image","twitter_misc":{"Tempo de lectura":"4 minutos"},"schema":{"@context":"https:\/\/schema.org","@graph":[{"@type":"WebPage","@id":"https:\/\/asadoradetoto.es\/politica-de-privacidad\/","url":"https:\/\/asadoradetoto.es\/politica-de-privacidad\/","name":"Pol\u00edtica de Privacidad - A de Tot\u00f3","isPartOf":{"@id":"https:\/\/asadoradetoto.es\/#website"},"datePublished":"2023-08-18T09:33:39+00:00","dateModified":"2025-02-12T16:30:48+00:00","breadcrumb":{"@id":"https:\/\/asadoradetoto.es\/politica-de-privacidad\/#breadcrumb"},"inLanguage":"gl-ES","potentialAction":[{"@type":"ReadAction","target":["https:\/\/asadoradetoto.es\/politica-de-privacidad\/"]}]},{"@type":"BreadcrumbList","@id":"https:\/\/asadoradetoto.es\/politica-de-privacidad\/#breadcrumb","itemListElement":[{"@type":"ListItem","position":1,"name":"Portada","item":"https:\/\/asadoradetoto.es\/"},{"@type":"ListItem","position":2,"name":"Pol\u00edtica de Privacidad"}]},{"@type":"WebSite","@id":"https:\/\/asadoradetoto.es\/#website","url":"https:\/\/asadoradetoto.es\/","name":"A de Tot\u00f3","description":"Cocina de carnes \u00e1 grella","publisher":{"@id":"https:\/\/asadoradetoto.es\/#organization"},"potentialAction":[{"@type":"SearchAction","target":{"@type":"EntryPoint","urlTemplate":"https:\/\/asadoradetoto.es\/?s={search_term_string}"},"query-input":"required name=search_term_string"}],"inLanguage":"gl-ES"},{"@type":"Organization","@id":"https:\/\/asadoradetoto.es\/#organization","name":"A de Tot\u00f3","url":"https:\/\/asadoradetoto.es\/","logo":{"@type":"ImageObject","inLanguage":"gl-ES","@id":"https:\/\/asadoradetoto.es\/#\/schema\/logo\/image\/","url":"http:\/\/asadoradetoto.es\/wp-content\/uploads\/2023\/08\/logo-barqueiro.png","contentUrl":"http:\/\/asadoradetoto.es\/wp-content\/uploads\/2023\/08\/logo-barqueiro.png","width":3508,"height":2481,"caption":"A de Tot\u00f3"},"image":{"@id":"https:\/\/asadoradetoto.es\/#\/schema\/logo\/image\/"},"sameAs":["https:\/\/www.facebook.com\/Asador.A.de.Toto","https:\/\/www.instagram.com\/a_detoto"]}]}},"_links":{"self":[{"href":"https:\/\/asadoradetoto.es\/gl\/wp-json\/wp\/v2\/pages\/279"}],"collection":[{"href":"https:\/\/asadoradetoto.es\/gl\/wp-json\/wp\/v2\/pages"}],"about":[{"href":"https:\/\/asadoradetoto.es\/gl\/wp-json\/wp\/v2\/types\/page"}],"author":[{"embeddable":true,"href":"https:\/\/asadoradetoto.es\/gl\/wp-json\/wp\/v2\/users\/1"}],"replies":[{"embeddable":true,"href":"https:\/\/asadoradetoto.es\/gl\/wp-json\/wp\/v2\/comments?post=279"}],"version-history":[{"count":17,"href":"https:\/\/asadoradetoto.es\/gl\/wp-json\/wp\/v2\/pages\/279\/revisions"}],"predecessor-version":[{"id":747,"href":"https:\/\/asadoradetoto.es\/gl\/wp-json\/wp\/v2\/pages\/279\/revisions\/747"}],"wp:attachment":[{"href":"https:\/\/asadoradetoto.es\/gl\/wp-json\/wp\/v2\/media?parent=279"}],"curies":[{"name":"wp","href":"https:\/\/api.w.org\/{rel}","templated":true}]}}